{"id":89653,"date":"2022-10-16T10:58:30","date_gmt":"2022-10-16T07:58:30","guid":{"rendered":"https:\/\/luxial.com\/systems\/vertical-glass-panel\/nice-giyotin-cam-panel\/"},"modified":"2024-05-21T14:45:27","modified_gmt":"2024-05-21T11:45:27","slug":"nice-vertical-sliding-system","status":"publish","type":"page","link":"https:\/\/luxial.com\/en\/systems\/vertical-sliding-system\/nice-vertical-sliding-system\/","title":{"rendered":"Nice Vertical Sliding System"},"content":{"rendered":"<div class=\"wpb-content-wrapper\"><p>[vc_row kd_background_image_position=&#8221;vc_row-bg-position-top&#8221; css=&#8221;.vc_custom_1704576642488{padding-top: 30px !important;}&#8221; top_section_title=&#8221;&#8221; bottom_section_title=&#8221;&#8221;][vc_column][vc_tta_tabs][vc_tta_section i_type=&#8221;openiconic&#8221; i_icon_openiconic=&#8221;vc-oi vc-oi-list&#8221; add_icon=&#8221;true&#8221; title=&#8221;General Informations&#8221; tab_id=&#8221;1665797625893-0baeb46c-abd5&#8243;][vc_column_text]Nice Guillotine is a vertical retracting windows system which is suitable for the coverage of a building opening, especially when saving space is required.<\/p>\n<p>The Nice Guillotine window is a vertically sliding, remotely controllable motion system that promises to offer you unique views of the skyline. This series aims to maximize the size and openings of modern architectural structures.<\/p>\n<p>The combination of thin aluminum profile frames with glass results in the system\u2019s surprising and unique elegance, providing maximum transparency and excellent performance. It works with an extremely simple mechanical lever logic and the electric motor that provides minimum energy consumption can be controlled by remote control.<\/p>\n<p>The aluminum frames of the system provide sealing capability to the window. Nice Giyotin window profiles offer fully customizable multi-panel combinations and endless color options in all RAL colors or anodised aluminum.[\/vc_column_text][vc_single_image image=&#8221;9981&#8243; img_size=&#8221;full&#8221;][vc_row_inner equal_height=&#8221;yes&#8221; kd_background_image_position=&#8221;vc_row-bg-position-top&#8221; css=&#8221;.vc_custom_1665799181371{padding-bottom: 30px !important;}&#8221;][vc_column_inner width=&#8221;1\/3&#8243;]<div class=\"key-icon-box icon-default icon-top cont-center ib-hover-1 with-shadow    icon-no-background icon-no-border\" style=\"background-color: transparent;\" ><div class=\"ib-wrapper\" ><div class=\"ib-simple-icon-wrapper\" style=\"margin-bottom:20px;\"><div class=\"tt-iconbox-customimg\"><img loading=\"lazy\" decoding=\"async\" width=\"169\" height=\"79\" src=\"https:\/\/luxial.com\/wp-content\/uploads\/2022\/10\/ikon-uv.png\" class=\"attachment-full\" alt=\"\" title=\"ikon-uv\" \/><\/div><\/div><p >Tested resistance of extensive exposure to the sun. Certified protection from harmful ultraviolet radiation.<\/p><\/div><\/div>[\/vc_column_inner][vc_column_inner width=&#8221;1\/3&#8243;]<div class=\"key-icon-box icon-default icon-top cont-center ib-hover-1 with-shadow    icon-no-background icon-no-border\" style=\"background-color: transparent;\" ><div class=\"ib-wrapper\" ><div class=\"ib-simple-icon-wrapper\" style=\"margin-bottom:20px;\"><div class=\"tt-iconbox-customimg\"><img loading=\"lazy\" decoding=\"async\" width=\"173\" height=\"78\" src=\"https:\/\/luxial.com\/wp-content\/uploads\/2022\/10\/urun-ikonlari-1.png\" class=\"attachment-full\" alt=\"\" title=\"urun-ikonlari-1\" \/><\/div><\/div><p >Capability of electrical motion and remote control.<\/p><\/div><\/div>[\/vc_column_inner][vc_column_inner width=&#8221;1\/3&#8243;]<div class=\"key-icon-box icon-default icon-top cont-center ib-hover-1 with-shadow    icon-no-background icon-no-border\" style=\"background-color: transparent;\" ><div class=\"ib-wrapper\" ><div class=\"ib-simple-icon-wrapper\" style=\"margin-bottom:20px;\"><div class=\"tt-iconbox-customimg\"><img loading=\"lazy\" decoding=\"async\" width=\"170\" height=\"78\" src=\"https:\/\/luxial.com\/wp-content\/uploads\/2022\/10\/urun-ikonlari-2.png\" class=\"attachment-full\" alt=\"\" title=\"urun-ikonlari-2\" \/><\/div><\/div><p >Great resistance to weather conditions of rain, snow humidity and wind.<\/p><\/div><\/div>[\/vc_column_inner][\/vc_row_inner][\/vc_tta_section][vc_tta_section i_type=&#8221;openiconic&#8221; i_icon_openiconic=&#8221;vc-oi vc-oi-equalizer&#8221; add_icon=&#8221;true&#8221; title=&#8221;Specifications&#8221; tab_id=&#8221;1665797625904-2d94e0ab-d48d&#8221;][vc_single_image image=&#8221;9979&#8243; img_size=&#8221;full&#8221;][vc_single_image image=&#8221;9980&#8243; img_size=&#8221;full&#8221;][vc_column_text]<\/p>\n<h5>Kolay Kullan\u0131m<\/h5>\n<p>Kablosuz veya kablolu \u00e7al\u0131\u015ft\u0131rma, bir d\u00fc\u011fmeye dokunarak cihaz\u0131 a\u00e7ma.<\/p>\n<h5>Sistem Hareketi<\/h5>\n<p>B\u00f6lmeler motorlu sistem ile dikey olarak yukar\u0131 veya a\u015fa\u011f\u0131 y\u00f6nde kayd\u0131r\u0131l\u0131r ve sabit bir b\u00f6lmenin arkas\u0131na toplan\u0131r.<\/p>\n<h5>G\u00fcvenlik<\/h5>\n<p>Gizli drenajlar ve elektrik hatlar\u0131.<\/p>\n<h5>Malzemeler<\/h5>\n<p>6063 t5 aluminyum, paslanmaz \u00e7elik<\/p>\n<h5>Motor \u00d6zellikleri<\/h5>\n<p>24vdc motor (d\u00fc\u015f\u00fck voltaj) elektrik \u015foklar\u0131na kar\u015f\u0131 daha diren\u00e7li ilave topraklamal\u0131 ba\u011flant\u0131.<\/p>\n<h5>Y\u00fczey<\/h5>\n<p>Qualicoat, Qualideco ve Qualanod sertifikal\u0131 boyal\u0131, ah\u015fap desenli ve eloksall\u0131 \u00fcr\u00fcnler 10 y\u0131l garantili.[\/vc_column_text][\/vc_tta_section][vc_tta_section i_type=&#8221;openiconic&#8221; i_icon_openiconic=&#8221;vc-oi vc-oi-book-open&#8221; add_icon=&#8221;true&#8221; title=&#8221;Documents&#8221; tab_id=&#8221;1665798307811-6f17af4d-200e&#8221;]<a  href=\"https:\/\/luxial.com\/wp-content\/uploads\/2022\/10\/Luxial-Nice-Guillotine.pdf\"  target=\"_blank\"  title=\"\"  class=\"tt_button tt_primary_button btn_primary_color  button-center button-action-link icon_left\" ><span class=\"far fa-file-pdf iconita\" ><\/span><span class=\"prim_text\">Product Brochure<\/span><\/a>[\/vc_tta_section][vc_tta_section i_type=&#8221;openiconic&#8221; i_icon_openiconic=&#8221;vc-oi vc-oi-camera&#8221; add_icon=&#8221;true&#8221; title=&#8221;Gallery&#8221; tab_id=&#8221;1665800365819-873abf89-112d&#8221;][evc_image_gallery type=&#8221;grid&#8221; image_behavior=&#8221;lightbox&#8221; images=&#8221;9982,9983,9984,9985&#8243; image_size=&#8221;600&#215;400&#8243;][\/vc_tta_section][\/vc_tta_tabs][\/vc_column][\/vc_row][vc_row kd_background_image_position=&#8221;vc_row-bg-position-top&#8221; css=&#8221;.vc_custom_1665741752356{padding-top: 60px !important;padding-bottom: 60px !important;}&#8221;][vc_column width=&#8221;2\/3&#8243; offset=&#8221;vc_col-lg-offset-2 vc_col-md-offset-2 vc_col-sm-offset-2 vc_col-xs-12&#8243;][vc_single_image image=&#8221;9673&#8243; img_size=&#8221;full&#8221; alignment=&#8221;center&#8221; css_animation=&#8221;slideInUp&#8221;][\/vc_column][\/vc_row][vc_row content_placement=&#8221;middle&#8221; kd_background_image_position=&#8221;vc_row-bg-position-top&#8221; css=&#8221;.vc_custom_1665743562723{margin-bottom: -150px !important;padding-top: 46px !important;padding-bottom: 46px !important;background-image: url(https:\/\/luxial.com\/wp-content\/uploads\/2022\/10\/cta-bg-2.jpg?id=9693) !important;background-position: 0 0 !important;background-repeat: repeat !important;border-radius: 30px !important;}&#8221; el_class=&#8221;call-to-action-section&#8221; css_tablet_portrait=&#8221;.vc_custom_1665743562724{margin-bottom: -100px !important;}&#8221; css_mobile=&#8221;.vc_custom_1665743562724{margin-bottom: -100px !important;}&#8221;][vc_column css=&#8221;.vc_custom_1599033942268{padding-right: 130px !important;padding-left: 130px !important;}&#8221; css_tablet_portrait=&#8221;.vc_custom_1599033942270{padding-right: 30px !important;padding-left: 30px !important;}&#8221; css_mobile=&#8221;.vc_custom_1599033942271{padding-right: 30px !important;padding-left: 30px !important;}&#8221; css_tablet_landscape=&#8221;.vc_custom_1599033942269{padding-right: 50px !important;padding-left: 50px !important;}&#8221;]<div class=\"kd-calltoaction\" >\n                <div class=\"container\">\n                  <div class=\"cta-text-container kd-animated fadeIn\" data-animation-delay=\"200\"><div class=\"cta-text\"><h2 style=\"color: #ffffff;\">You can contact us for all you want to<br \/>\nearn about our products and services.<\/h2><\/div>\n                    <\/div>\n                    <div class=\"cta-btncontainer\"><a href=\"https:\/\/luxial.com\/en\/contact\"  title=\"\u0130leti\u015fim\" class=\"tt_button tt_primary_button btn_primary_color  button-action-link icon_right kd-animated zoomIn\" data-animation-delay=\"200\">Get in touch<span class=\"fas fa-chevron-right iconita\" ><\/span><\/a><\/div>\n                <\/div>\n            <\/div>[\/vc_column][\/vc_row]<\/p>\n<\/div>","protected":false},"excerpt":{"rendered":"<p>[vc_row kd_background_image_position=&#8221;vc_row-bg-position-top&#8221; css=&#8221;.vc_custom_1704576642488{padding-top: 30px !important;}&#8221; top_section_title=&#8221;&#8221; bottom_section_title=&#8221;&#8221;][vc_column][vc_tta_tabs][vc_tta_section i_type=&#8221;openiconic&#8221; i_icon_openiconic=&#8221;vc-oi vc-oi-list&#8221; add_icon=&#8221;true&#8221; title=&#8221;General Informations&#8221; tab_id=&#8221;1665797625893-0baeb46c-abd5&#8243;][vc_column_text]Nice Guillotine is a vertical retracting windows [&hellip;]<\/p>\n","protected":false},"author":1,"featured_media":0,"parent":89621,"menu_order":0,"comment_status":"closed","ping_status":"closed","template":"","meta":{"footnotes":""},"class_list":["post-89653","page","type-page","status-publish","hentry"],"_links":{"self":[{"href":"https:\/\/luxial.com\/en\/wp-json\/wp\/v2\/pages\/89653","targetHints":{"allow":["GET"]}}],"collection":[{"href":"https:\/\/luxial.com\/en\/wp-json\/wp\/v2\/pages"}],"about":[{"href":"https:\/\/luxial.com\/en\/wp-json\/wp\/v2\/types\/page"}],"author":[{"embeddable":true,"href":"https:\/\/luxial.com\/en\/wp-json\/wp\/v2\/users\/1"}],"replies":[{"embeddable":true,"href":"https:\/\/luxial.com\/en\/wp-json\/wp\/v2\/comments?post=89653"}],"version-history":[{"count":4,"href":"https:\/\/luxial.com\/en\/wp-json\/wp\/v2\/pages\/89653\/revisions"}],"predecessor-version":[{"id":92114,"href":"https:\/\/luxial.com\/en\/wp-json\/wp\/v2\/pages\/89653\/revisions\/92114"}],"up":[{"embeddable":true,"href":"https:\/\/luxial.com\/en\/wp-json\/wp\/v2\/pages\/89621"}],"wp:attachment":[{"href":"https:\/\/luxial.com\/en\/wp-json\/wp\/v2\/media?parent=89653"}],"curies":[{"name":"wp","href":"https:\/\/api.w.org\/{rel}","templated":true}]}}